{"id":2,"date":"2015-06-11T15:12:05","date_gmt":"2015-06-11T13:12:05","guid":{"rendered":"http:\/\/www.swetrak.lt\/wp\/?page_id=2"},"modified":"2025-07-14T09:10:09","modified_gmt":"2025-07-14T07:10:09","slug":"about","status":"publish","type":"page","link":"https:\/\/swetrak.lt\/lt_LT\/about\/","title":{"rendered":"Apie \u012fmon\u0119"},"content":{"rendered":"<div class=\"page_title\">\n<h1 style=\"color: #888;\">APIE \u012eMON\u0118<\/h1>\n<\/div>\n<p>Nuo 2021-10-05 UAB ,,Swetrak\u201d pakeit\u0117 pavadinim\u0105 \u012f <strong>Sateba Lithuania UAB<\/strong><\/p>\n<p><strong>UAB ,,Swetrak\u201d<\/strong> \u012fsteigta 1998 metais. Estijos bendrov\u0117s AS ,,Swetrak\u201d ir Lietuvos UAB koncerno ,,Alga\u201d bendra \u012fmon\u0117.<\/p>\n<ul>\n<li>UAB ,,Swetrak\u201d gamybin\u0119 veikl\u0105 prad\u0117jo 2000 metais ir gamina \u012ftemptai armuotus gel\u017ebetoninius pab\u0117gius 1520 mm. v\u0117\u017e\u0117s gele\u017einkeliams. Nuo 2005 metais \u2013 prad\u0117jo gaminti \u012ftemptojo gel\u017ebetonio ie\u0161minius pab\u0117gius. 2011 metais prad\u0117jo gaminti pab\u0117gius balastiniams tiltams.\u00a0 2013 metais \u012fdiegta Europin\u0117s 1435 mm. v\u0117\u017e\u0117s pab\u0117gi\u0173 gamybos linija.<\/li>\n<li>Produkcija eksportuojama \u012f Latvij\u0105 ir Estij\u0105.<\/li>\n<li>Gel\u017ebetoniniai pab\u0117giai gaminami pagal \u0160vedijos firmos ,,Abetong AB\u201d technologij\u0105. UAB ,,Swetrak\u201d \u2013 viena i\u0161 30 \u012fmoni\u0173 pasaulyje, dirban\u010di\u0173 pagal \u0161ios firmos technologij\u0105. \u012emon\u0117 gali pagamina \u2013 iki 240000 vnt. pab\u0117gi\u0173 ir 120 komplekt\u0173 ie\u0161mini\u0173 pab\u0117gi\u0173 per metus. \u012emon\u0117je gel\u017ebetoniniai pab\u0117giai gaminami su dviej\u0173 tip\u0173 elastin\u0117mis b\u0117gi\u0173 tvirtinimo sistemomis: Pandrol FC ir Vossloh W21.<\/li>\n<li>Gel\u017ebetoniniai pab\u0117giai gaminami pagal Europos S\u0105jungos standart\u0173 LST EN 13230 \u2013 1, LST EN 13230 \u2013 2, LST EN 13230 \u2013 4 reikalavimus.<\/li>\n<\/ul>\n<h3><strong>ISO LST EN 9001, ISO LST EN 14001, ISO LST EN 45001 ir ISO LST EN 50001<\/strong><\/h3>\n<ul>\n<li>Gaminamos produkcijos kokybei u\u017etikrinti \u012fmon\u0117 yra \u012fdiegusi ISO 9001. Tai tarptautinis sertifikavimo standartas, kontroliuojantis kriterijus kokyb\u0117s vadybos sistemai. Mes siekiama, kad produktai ir paslaugos nuosekliai atitikt\u0173 kokyb\u0117s reikalavimus.<\/li>\n<li>Gaminamos produkcijos aplinkosaugos sistemai \u012fmon\u0117 yra \u012fdiegusi ISO 14001. Tai tarptautinis sertifikavimo standartas, kuris organizacijai padeda pasiekti aplinkosaugos valdymo tikslus stiprinant veiklos kontrol\u0119 ir geriau integruojant aplinkosaugos aspektus \u012f verslo strategij\u0105.<\/li>\n<li>2024 metais Sateba Lithuania UAB buvo atestuota ir suteiktas \u201eSVEIKATA IR SAUGA\u201c sertifikatas pagal ISO 45001.<\/li>\n<\/ul>\n<div class=\"row\">\n<div class=\"col-md-3 text-center\"><a href=\"https:\/\/swetrak.lt\/wp-content\/uploads\/2024\/04\/ISO-9001EN.pdf\" target=\"_blank\" rel=\"noopener\"><img loading=\"lazy\" decoding=\"async\" class=\"alignnone wp-image-526 size-medium\" src=\"https:\/\/swetrak.lt\/wp-content\/uploads\/2021\/05\/ISO9001LT-213x300.png\" alt=\"\" width=\"213\" height=\"300\" srcset=\"https:\/\/swetrak.lt\/wp-content\/uploads\/2021\/05\/ISO9001LT-213x300.png 213w, https:\/\/swetrak.lt\/wp-content\/uploads\/2021\/05\/ISO9001LT.png 618w\" sizes=\"(max-width: 213px) 100vw, 213px\" \/><\/a><\/div>\n<div class=\"col-md-3 text-center\"><a href=\"https:\/\/swetrak.lt\/wp-content\/uploads\/2024\/04\/ISO-14001EN.pdf\" target=\"_blank\" rel=\"noopener\"><img loading=\"lazy\" decoding=\"async\" class=\"alignnone wp-image-527 size-medium\" src=\"https:\/\/swetrak.lt\/wp-content\/uploads\/2021\/05\/ISO14001LT-212x300.png\" alt=\"\" width=\"212\" height=\"300\" srcset=\"https:\/\/swetrak.lt\/wp-content\/uploads\/2021\/05\/ISO14001LT-212x300.png 212w, https:\/\/swetrak.lt\/wp-content\/uploads\/2021\/05\/ISO14001LT.png 647w\" sizes=\"(max-width: 212px) 100vw, 212px\" \/><\/a><\/div>\n<div class=\"col-md-3 text-center\"><a href=\"https:\/\/swetrak.lt\/wp-content\/uploads\/2024\/08\/E-Cert_Sateba-Lithuania_ISO45001_EN.pdf\" target=\"_blank\" rel=\"noopener\"><img loading=\"lazy\" decoding=\"async\" class=\"alignnone wp-image-526 size-medium\" src=\"https:\/\/swetrak.lt\/wp-content\/uploads\/2024\/08\/E-Cert_Sateba-Lithuania_ISO45001_EN-pdf-212x300.jpg\" alt=\"\" width=\"213\" height=\"300\" \/><\/a><\/div>\n<div class=\"col-md-3 text-center\"><a href=\"https:\/\/swetrak.lt\/wp-content\/uploads\/2024\/08\/Cert-Sateba_Lithuania_50001_2024_LT.pdf\" target=\"_blank\" rel=\"noopener\"><img loading=\"lazy\" decoding=\"async\" class=\"alignnone wp-image-526 size-medium\" src=\"https:\/\/swetrak.lt\/wp-content\/uploads\/2024\/08\/Cert-Sateba_Lithuania_50001_2024_LT-pdf-212x300.jpg\" alt=\"\" width=\"213\" height=\"300\" \/><\/a><\/div>\n<\/div>\n<hr \/>\n<h3><strong>PRIKLAUSOME ASOSIACIJOMS<\/strong><\/h3>\n<div class=\"row\" style=\"padding-top: 10px;\">\n<div class=\"col-md-4 aligncenter\"><a href=\"http:\/\/lsia.lt\/\" target=\"_blank\" rel=\"noopener\"><img loading=\"lazy\" decoding=\"async\" class=\"wp-image-719 size-full\" src=\"https:\/\/swetrak.lt\/wp-content\/uploads\/2021\/05\/SIA100.png\" alt=\"\" width=\"78\" height=\"100\" \/><\/a><\/div>\n<div class=\"col-md-4\"><a href=\"https:\/\/www.gelpa.lt\/\" target=\"_blank\" rel=\"noopener\"><img loading=\"lazy\" decoding=\"async\" class=\"wp-image-702\" src=\"https:\/\/swetrak.lt\/wp-content\/uploads\/2021\/05\/GELPA_Black-300x93.png\" alt=\"\" width=\"323\" height=\"100\" srcset=\"https:\/\/swetrak.lt\/wp-content\/uploads\/2021\/05\/GELPA_Black-300x93.png 300w, https:\/\/swetrak.lt\/wp-content\/uploads\/2021\/05\/GELPA_Black.png 404w\" sizes=\"(max-width: 323px) 100vw, 323px\" \/><\/a><\/div>\n<div class=\"col-md-4\"><a href=\"https:\/\/chamber.lt\/\" target=\"_blank\" rel=\"noopener\"><img loading=\"lazy\" decoding=\"async\" class=\"wp-image-703\" src=\"https:\/\/swetrak.lt\/wp-content\/uploads\/2021\/05\/KPPAR.png\" alt=\"\" width=\"229\" height=\"100\" \/><\/a><\/div>\n<\/div>\n<hr \/>\n<h3><strong>MES \u017dALI<\/strong><\/h3>\n<div class=\"col-md-12 aligncenter\">\n<p style=\"padding-top: 10px;\"><img loading=\"lazy\" decoding=\"async\" class=\"alignnone size-full wp-image-690\" src=\"https:\/\/swetrak.lt\/wp-content\/uploads\/2021\/05\/Green.png\" alt=\"\" width=\"166\" height=\"284\" \/><a href=\"https:\/\/swetrak.lt\/wp-content\/uploads\/2021\/05\/PbG-LT-certificate.pdf\" target=\"_blank\" rel=\"noopener\"><img loading=\"lazy\" decoding=\"async\" class=\"alignnone wp-image-692 size-medium\" src=\"https:\/\/swetrak.lt\/wp-content\/uploads\/2021\/05\/zali_thumb-212x300.png\" alt=\"\" width=\"212\" height=\"300\" srcset=\"https:\/\/swetrak.lt\/wp-content\/uploads\/2021\/05\/zali_thumb-212x300.png 212w, https:\/\/swetrak.lt\/wp-content\/uploads\/2021\/05\/zali_thumb.png 456w\" sizes=\"(max-width: 212px) 100vw, 212px\" \/><\/a><a href=\"https:\/\/swetrak.lt\/wp-content\/uploads\/2025\/07\/ZEsertifikatas.pdf\" target=\"_blank\" rel=\"noopener\"><img loading=\"lazy\" decoding=\"async\" class=\"alignnone wp-image-692 size-medium\" src=\"https:\/\/swetrak.lt\/wp-content\/uploads\/2025\/07\/ZEsertifikatas.png\" alt=\"\" width=\"381\" height=\"300\" \/><\/a><\/p>\n<\/div>\n<hr \/>\n<h3><strong>APDOVANOJIMAI\/ SVEIKINIMAI\/ PAD\u0116KOS<\/strong><\/h3>\n<table style=\"border: 1px solid #666;\" cellspacing=\"0\" cellpadding=\"0\">\n<tbody>\n<tr>\n<td class=\"col-md-8 fontsize20black\" style=\"vertical-align: middle;\"><strong>2003<\/strong><br \/>\napdovanojimas<br \/>\n&#8220;<strong>Lietuvos met\u0173 gaminiu<\/strong>&#8220;<\/td>\n<td class=\"col-md-4\" style=\"padding-top: 3px;\"><a href=\"https:\/\/swetrak.lt\/wp-content\/uploads\/2021\/05\/2003-12.pdf\" target=\"_blank\" rel=\"noopener\"><img loading=\"lazy\" decoding=\"async\" class=\"aligncenter wp-image-379\" src=\"https:\/\/swetrak.lt\/wp-content\/uploads\/2021\/05\/2003-12-e1621930018194.png\" alt=\"\" width=\"144\" height=\"206\" \/><\/a><\/td>\n<\/tr>\n<tr>\n<td class=\"col-md-8 fontsize20black\" style=\"vertical-align: middle;\"><strong>2004<\/strong>met\u0173 apdovanojimas&#8221;<strong>S\u0117kmingai dirbanti \u012fmon\u0117<\/strong>&#8220;<\/td>\n<td style=\"padding-top: 3px;\"><a href=\"https:\/\/swetrak.lt\/wp-content\/uploads\/2021\/05\/2004-12.pdf\" target=\"_blank\" rel=\"noopener\"><img loading=\"lazy\" decoding=\"async\" class=\"aligncenter wp-image-379\" src=\"https:\/\/swetrak.lt\/wp-content\/uploads\/2021\/05\/2004-12-e1621930003900.png\" alt=\"\" width=\"144\" height=\"206\" \/><\/a><\/td>\n<\/tr>\n<tr>\n<td class=\"col-md-8 fontsize20black\" style=\"vertical-align: middle;\"><strong>2005<\/strong>apdovanojimas&#8221;<strong>Pa\u017eangiausia ma\u017ea \u012fmon\u0117<\/strong>&#8220;.<\/td>\n<td style=\"padding-top: 3px;\"><a href=\"https:\/\/swetrak.lt\/wp-content\/uploads\/2021\/05\/2005-11.pdf\" target=\"_blank\" rel=\"noopener\"><img loading=\"lazy\" decoding=\"async\" class=\"aligncenter wp-image-379\" src=\"https:\/\/swetrak.lt\/wp-content\/uploads\/2021\/05\/2005-11-e1621929985363.png\" alt=\"\" width=\"144\" height=\"206\" \/><\/a><\/td>\n<\/tr>\n<tr>\n<td class=\"col-md-8 fontsize20black\" style=\"vertical-align: middle;\"><strong>2010<\/strong>savivaldyb\u0117s sveikinimai&#8221;<strong>UAB Swetrak 10 met\u0173 gyvavimo proga<\/strong>&#8220;<\/td>\n<td style=\"padding-top: 3px;\"><a href=\"https:\/\/swetrak.lt\/wp-content\/uploads\/2021\/05\/2010.pdf\" target=\"_blank\" rel=\"noopener\"><img loading=\"lazy\" decoding=\"async\" class=\"aligncenter wp-image-379\" src=\"https:\/\/swetrak.lt\/wp-content\/uploads\/2021\/05\/2010-e1621929969387.png\" alt=\"\" width=\"144\" height=\"206\" \/><\/a><\/td>\n<\/tr>\n<tr>\n<td class=\"col-md-8 fontsize20black\" style=\"vertical-align: middle;\"><strong>2010<\/strong>met\u0173 Kauno technologijos universiteto sveikinimai&#8221;<strong>UAB Swetrak 10 met\u0173 gyvavimo proga<\/strong>&#8220;<\/td>\n<td style=\"padding-top: 3px;\"><a href=\"https:\/\/swetrak.lt\/wp-content\/uploads\/2021\/05\/2010-04.pdf\" target=\"_blank\" rel=\"noopener\"><img loading=\"lazy\" decoding=\"async\" class=\"aligncenter wp-image-379\" src=\"https:\/\/swetrak.lt\/wp-content\/uploads\/2021\/05\/2010-04-e1621929890706.png\" alt=\"\" width=\"144\" height=\"206\" \/><\/a><\/td>\n<\/tr>\n<tr>\n<td class=\"col-md-8 fontsize20black\" style=\"vertical-align: middle;\"><strong>2010<\/strong>sertifikatas&#8221;<strong>Lietuvos met\u0173 eksportuotojas 2009<\/strong>&#8220;<\/td>\n<td style=\"padding-top: 3px;\"><a href=\"https:\/\/swetrak.lt\/wp-content\/uploads\/2021\/05\/2010-06.pdf\" target=\"_blank\" rel=\"noopener\"><img loading=\"lazy\" decoding=\"async\" class=\"aligncenter wp-image-379\" src=\"https:\/\/swetrak.lt\/wp-content\/uploads\/2021\/05\/2010-06-e1621930111773.png\" alt=\"\" width=\"144\" height=\"206\" \/><\/a><\/td>\n<\/tr>\n<tr>\n<td class=\"col-md-8 fontsize20black\" style=\"vertical-align: middle;\"><strong>2016<\/strong>apdovanojimas spar\u010diausiai augan\u010di\u0173 bei s\u0117kmingai dirban\u010di\u0173 Lietuvos \u012fmoni\u0173&#8221;<strong>Gazel\u0117<\/strong>&#8220;<\/td>\n<td style=\"padding-top: 3px;\"><a href=\"https:\/\/swetrak.lt\/wp-content\/uploads\/2021\/05\/2016.pdf\" target=\"_blank\" rel=\"noopener\"><img loading=\"lazy\" decoding=\"async\" class=\"aligncenter wp-image-379\" src=\"https:\/\/swetrak.lt\/wp-content\/uploads\/2021\/05\/2016-e1621930081699.png\" alt=\"\" width=\"144\" height=\"206\" \/><\/a><\/td>\n<\/tr>\n<tr>\n<td class=\"col-md-8 fontsize20black\" style=\"vertical-align: middle;\"><strong>2016<\/strong>pad\u0117ka u\u017e param\u0105 rengiant knyg\u0105&#8221;<strong>Suvalkija. S\u016bduva<\/strong>&#8220;<\/td>\n<td style=\"padding-top: 3px;\"><a href=\"https:\/\/swetrak.lt\/wp-content\/uploads\/2021\/05\/2016-05.pdf\" target=\"_blank\" rel=\"noopener\"><img loading=\"lazy\" decoding=\"async\" class=\"aligncenter wp-image-379\" src=\"https:\/\/swetrak.lt\/wp-content\/uploads\/2021\/05\/2016-05-e1621930066727.png\" alt=\"\" width=\"144\" height=\"206\" \/><\/a><\/td>\n<\/tr>\n<tr>\n<td class=\"col-md-8 fontsize20black\" style=\"vertical-align: middle;\"><strong>2016<\/strong>pad\u0117ka u\u017e patikimum\u0105, nuo\u0161irdum\u0105, geranori\u0161kum\u0105, bendradarbiavim\u0105UAB &#8220;<strong>Voestalpine VAE LEGETECHA<\/strong>&#8220;<\/td>\n<td style=\"padding-top: 3px;\"><a href=\"https:\/\/swetrak.lt\/wp-content\/uploads\/2021\/05\/2016-05-0.pdf\" target=\"_blank\" rel=\"noopener\"><img loading=\"lazy\" decoding=\"async\" class=\"aligncenter wp-image-379\" src=\"https:\/\/swetrak.lt\/wp-content\/uploads\/2021\/05\/2016-05-0-e1621930054235.png\" alt=\"\" width=\"144\" height=\"206\" \/><\/a><\/td>\n<\/tr>\n<tr>\n<td class=\"col-md-8 fontsize20black\" style=\"vertical-align: middle;\"><strong>2020<\/strong>pa\u017eym\u0117jimas u\u017e darbo viet\u0173 i\u0161saugojim\u0105<strong>S\u016bduvos regione<\/strong><\/td>\n<td style=\"padding-top: 3px;\"><a href=\"https:\/\/swetrak.lt\/wp-content\/uploads\/2021\/05\/2020-11.pdf\" target=\"_blank\" rel=\"noopener\"><img loading=\"lazy\" decoding=\"async\" class=\"aligncenter wp-image-379\" src=\"https:\/\/swetrak.lt\/wp-content\/uploads\/2021\/05\/2020-11-e1621930036518.png\" alt=\"\" width=\"144\" height=\"206\" \/><\/a><\/td>\n<\/tr>\n<tr>\n<td class=\"col-md-8 fontsize20black\" style=\"vertical-align: middle;\"><strong>2021<\/strong>pad\u0117ka u\u017e param\u0105<strong>V\u0160\u012e Marijampol\u0117s ligoninei<\/strong><\/td>\n<td style=\"padding-top: 3px;\"><a href=\"https:\/\/swetrak.lt\/wp-content\/uploads\/2021\/05\/2021-02-1.pdf\" target=\"_blank\" rel=\"noopener\"><img loading=\"lazy\" decoding=\"async\" class=\"aligncenter wp-image-379\" src=\"https:\/\/swetrak.lt\/wp-content\/uploads\/2021\/05\/2021-02-e1621931097228.png\" alt=\"\" width=\"144\" height=\"206\" \/><\/a><\/td>\n<\/tr>\n<\/tbody>\n<\/table>\n","protected":false},"excerpt":{"rendered":"<div class=\"page_title\">\n<h1 style=\"color: #888;\">APIE \u012eMON\u0118<\/h1>\n<\/div>\n<p>Nuo 2021-10-05 UAB ,,Swetrak\u201d pakeit\u0117 pavadinim\u0105 \u012f <strong>Sateba Lithuania UAB<\/strong><\/p>\n<p><strong>UAB ,,Swetrak\u201d<\/strong> \u012fsteigta 1998 metais. Estijos bendrov\u0117s AS ,,Swetrak\u201d i&#8230;<\/p>\n","protected":false},"author":1,"featured_media":0,"parent":0,"menu_order":0,"comment_status":"closed","ping_status":"closed","template":"","meta":{"footnotes":""},"class_list":["post-2","page","type-page","status-publish","hentry"],"_links":{"self":[{"href":"https:\/\/swetrak.lt\/lt_LT\/wp-json\/wp\/v2\/pages\/2"}],"collection":[{"href":"https:\/\/swetrak.lt\/lt_LT\/wp-json\/wp\/v2\/pages"}],"about":[{"href":"https:\/\/swetrak.lt\/lt_LT\/wp-json\/wp\/v2\/types\/page"}],"author":[{"embeddable":true,"href":"https:\/\/swetrak.lt\/lt_LT\/wp-json\/wp\/v2\/users\/1"}],"replies":[{"embeddable":true,"href":"https:\/\/swetrak.lt\/lt_LT\/wp-json\/wp\/v2\/comments?post=2"}],"version-history":[{"count":204,"href":"https:\/\/swetrak.lt\/lt_LT\/wp-json\/wp\/v2\/pages\/2\/revisions"}],"predecessor-version":[{"id":1090,"href":"https:\/\/swetrak.lt\/lt_LT\/wp-json\/wp\/v2\/pages\/2\/revisions\/1090"}],"wp:attachment":[{"href":"https:\/\/swetrak.lt\/lt_LT\/wp-json\/wp\/v2\/media?parent=2"}],"curies":[{"name":"wp","href":"https:\/\/api.w.org\/{rel}","templated":true}]}}