{"id":938,"date":"2023-11-15T09:55:00","date_gmt":"2023-11-15T07:55:00","guid":{"rendered":"https:\/\/swetrak.lt\/?page_id=938"},"modified":"2024-08-07T10:04:39","modified_gmt":"2024-08-07T08:04:39","slug":"karjera","status":"publish","type":"page","link":"https:\/\/swetrak.lt\/en_US\/karjera\/","title":{"rendered":"Career"},"content":{"rendered":"\n<p class=\"has-text-color\" style=\"color:#868b90;font-size:26px\"><strong>\u0160iuo metu \u012fmon\u0117 ie\u0161ko:<\/strong><\/p>\n\n\n\n<!-- \/wp:paragraph -->","protected":false},"excerpt":{"rendered":"<p>\u0160iuo metu \u012fmon\u0117 ie\u0161ko:<\/p>\n","protected":false},"author":1,"featured_media":0,"parent":0,"menu_order":0,"comment_status":"closed","ping_status":"closed","template":"","meta":{"footnotes":""},"class_list":["post-938","page","type-page","status-publish","hentry"],"_links":{"self":[{"href":"https:\/\/swetrak.lt\/en_US\/wp-json\/wp\/v2\/pages\/938"}],"collection":[{"href":"https:\/\/swetrak.lt\/en_US\/wp-json\/wp\/v2\/pages"}],"about":[{"href":"https:\/\/swetrak.lt\/en_US\/wp-json\/wp\/v2\/types\/page"}],"author":[{"embeddable":true,"href":"https:\/\/swetrak.lt\/en_US\/wp-json\/wp\/v2\/users\/1"}],"replies":[{"embeddable":true,"href":"https:\/\/swetrak.lt\/en_US\/wp-json\/wp\/v2\/comments?post=938"}],"version-history":[{"count":15,"href":"https:\/\/swetrak.lt\/en_US\/wp-json\/wp\/v2\/pages\/938\/revisions"}],"predecessor-version":[{"id":1001,"href":"https:\/\/swetrak.lt\/en_US\/wp-json\/wp\/v2\/pages\/938\/revisions\/1001"}],"wp:attachment":[{"href":"https:\/\/swetrak.lt\/en_US\/wp-json\/wp\/v2\/media?parent=938"}],"curies":[{"name":"wp","href":"https:\/\/api.w.org\/{rel}","templated":true}]}}