{"id":2,"date":"2015-06-11T15:12:05","date_gmt":"2015-06-11T13:12:05","guid":{"rendered":"http:\/\/www.swetrak.lt\/wp\/?page_id=2"},"modified":"2025-07-14T09:10:09","modified_gmt":"2025-07-14T07:10:09","slug":"about","status":"publish","type":"page","link":"https:\/\/swetrak.lt\/en_US\/about\/","title":{"rendered":"About us"},"content":{"rendered":"<div class=\"page_title\">\n<h1 style=\"color: #888;\">ABOUT US<\/h1>\n<\/div>\n<p>From 5th October 2021, UAB Swetrak changed its name to <strong>Sateba Lithuania UAB<\/strong><\/p>\n<p><strong>JSC \u201cSwetrak\u201d<\/strong> was established in 1998. The Estonian enterprise AS \u201cSwetrak\u201d and the Lithuanian concern joint-stock company \u201cAlga\u201d.<\/p>\n<ul>\n<li>JSC \u201cSwetrak\u201d production activities began in 2000. First production was reinforced concrete sleepers for 1520 mm gauge railways and starting from 2005 \u2013 prestressed bearers for turnouts. The railway sleepers for ballasted bridges are in production starting 2011 and the sleepers with gauge 1435 mm.<\/li>\n<li>The products exports to Latvia and Estonia.<\/li>\n<li>Reinforced concrete sleepers are produced according to Swedish company \u201cAbetong AB\u201d long line technology. JSC \u201cSwetrak\u201d \u2013 is one of the 30 companies in the world, working under the technology mentioned above. Production capacity \u2013 up to 240 000 units of sleepers, and 120 sets of turnout bearers per year. Concrete sleepers can be equipped by two types of fastening systems: PANDROL FASTCLIP and VOSSLOH.<\/li>\n<li>Reinforced concrete sleepers and turnout bearers are produced in accordance with European Union standards EN 13230 \u2013 1, EN 13230 \u2013 2, EN 13230 \u2013 4 requirements.<\/li>\n<\/ul>\n<h3><strong>ISO LST EN 9001, ISO LST EN 14001, ISO LST EN 45001 and ISO LST EN 50001<\/strong><\/h3>\n<ul>\n<li>To ensure the quality of manufactured products, the company has implemented ISO 9001. This is an international certification standard that controls the criteria for the quality management system. We aim to ensure that our products and services consistently meet quality requirements.<\/li>\n<li>The company has implemented ISO 14001 for the environmental system of its products. It is an international certification standard that helps the organization to achieve environmental management goals by strengthening operational control and better integrating environmental aspects into business strategy.<\/li>\n<li>In 2024, Sateba Lithuania UAB was certified and awarded the &#8220;HEALTH AND SAFETY&#8221; certificate according to ISO 45001.<\/li>\n<\/ul>\n<div class=\"row\">\n<div class=\"col-md-3 text-center\"><a href=\"https:\/\/swetrak.lt\/wp-content\/uploads\/2024\/04\/ISO-9001EN.pdf\" target=\"_blank\" rel=\"noopener\"><img loading=\"lazy\" decoding=\"async\" class=\"alignnone wp-image-526 size-medium\" src=\"https:\/\/swetrak.lt\/wp-content\/uploads\/2021\/05\/ISO9001LT-213x300.png\" alt=\"\" width=\"213\" height=\"300\" srcset=\"https:\/\/swetrak.lt\/wp-content\/uploads\/2021\/05\/ISO9001LT-213x300.png 213w, https:\/\/swetrak.lt\/wp-content\/uploads\/2021\/05\/ISO9001LT.png 618w\" sizes=\"(max-width: 213px) 100vw, 213px\" \/><\/a><\/div>\n<div class=\"col-md-3 text-center\"><a href=\"https:\/\/swetrak.lt\/wp-content\/uploads\/2024\/04\/ISO-14001EN.pdf\" target=\"_blank\" rel=\"noopener\"><img loading=\"lazy\" decoding=\"async\" class=\"alignnone wp-image-527 size-medium\" src=\"https:\/\/swetrak.lt\/wp-content\/uploads\/2021\/05\/ISO14001LT-212x300.png\" alt=\"\" width=\"212\" height=\"300\" srcset=\"https:\/\/swetrak.lt\/wp-content\/uploads\/2021\/05\/ISO14001LT-212x300.png 212w, https:\/\/swetrak.lt\/wp-content\/uploads\/2021\/05\/ISO14001LT.png 647w\" sizes=\"(max-width: 212px) 100vw, 212px\" \/><\/a><\/div>\n<div class=\"col-md-3 text-center\"><a href=\"https:\/\/swetrak.lt\/wp-content\/uploads\/2024\/08\/E-Cert_Sateba-Lithuania_ISO45001_EN.pdf\" target=\"_blank\" rel=\"noopener\"><img loading=\"lazy\" decoding=\"async\" class=\"alignnone wp-image-526 size-medium\" src=\"https:\/\/swetrak.lt\/wp-content\/uploads\/2024\/08\/E-Cert_Sateba-Lithuania_ISO45001_EN-pdf-212x300.jpg\" alt=\"\" width=\"213\" height=\"300\" \/><\/a><\/div>\n<div class=\"col-md-3 text-center\"><a href=\"https:\/\/swetrak.lt\/wp-content\/uploads\/2024\/08\/Cert-Sateba_Lithuania_50001_2024_EN.pdf\" target=\"_blank\" rel=\"noopener\"><img loading=\"lazy\" decoding=\"async\" class=\"alignnone wp-image-526 size-medium\" src=\"https:\/\/swetrak.lt\/wp-content\/uploads\/2024\/08\/Cert-Sateba_Lithuania_50001_2024_EN-pdf-212x300.jpg\" alt=\"\" width=\"213\" height=\"300\" \/><\/a><\/div>\n<\/div>\n<hr \/>\n<h3><strong><span class=\"VIiyi\" lang=\"en\"><span class=\"JLqJ4b ChMk0b\" data-language-for-alternatives=\"en\" data-language-to-translate-into=\"lt\" data-phrase-index=\"0\">WE BELONG TO ASSOCIATIONS<\/span><\/span> <\/strong><\/h3>\n<div class=\"row\" style=\"padding-top: 10px;\">\n<div class=\"col-md-4 aligncenter\"><a href=\"http:\/\/lsia.lt\/\" target=\"_blank\" rel=\"noopener\"><img loading=\"lazy\" decoding=\"async\" class=\"wp-image-719 size-full\" src=\"https:\/\/swetrak.lt\/wp-content\/uploads\/2021\/05\/SIA100.png\" alt=\"\" width=\"78\" height=\"100\" \/><\/a><\/div>\n<div class=\"col-md-4\"><a href=\"https:\/\/www.gelpa.lt\/\" target=\"_blank\" rel=\"noopener\"><img loading=\"lazy\" decoding=\"async\" class=\"wp-image-702\" src=\"https:\/\/swetrak.lt\/wp-content\/uploads\/2021\/05\/GELPA_Black-300x93.png\" alt=\"\" width=\"323\" height=\"100\" srcset=\"https:\/\/swetrak.lt\/wp-content\/uploads\/2021\/05\/GELPA_Black-300x93.png 300w, https:\/\/swetrak.lt\/wp-content\/uploads\/2021\/05\/GELPA_Black.png 404w\" sizes=\"(max-width: 323px) 100vw, 323px\" \/><\/a><\/div>\n<div class=\"col-md-4\"><a href=\"https:\/\/chamber.lt\/\" target=\"_blank\" rel=\"noopener\"><img loading=\"lazy\" decoding=\"async\" class=\"wp-image-703\" src=\"https:\/\/swetrak.lt\/wp-content\/uploads\/2021\/05\/KPPAR.png\" alt=\"\" width=\"229\" height=\"100\" \/><\/a><\/div>\n<\/div>\n<hr \/>\n<h3><strong><span class=\"VIiyi\" lang=\"en\"><span class=\"JLqJ4b ChMk0b\" data-language-for-alternatives=\"en\" data-language-to-translate-into=\"lt\" data-phrase-index=\"0\">WE ARE GREEN<\/span><\/span> <\/strong><\/h3>\n<div class=\"col-md-12 aligncenter\">\n<p style=\"padding-top: 10px;\"><img loading=\"lazy\" decoding=\"async\" class=\"alignnone size-full wp-image-690\" src=\"https:\/\/swetrak.lt\/wp-content\/uploads\/2021\/05\/Green.png\" alt=\"\" width=\"166\" height=\"284\" \/><a href=\"https:\/\/swetrak.lt\/wp-content\/uploads\/2021\/05\/PbG-LT-certificate.pdf\" target=\"_blank\" rel=\"noopener\"><img loading=\"lazy\" decoding=\"async\" class=\"alignnone wp-image-692 size-medium\" src=\"https:\/\/swetrak.lt\/wp-content\/uploads\/2021\/05\/zali_thumb-212x300.png\" alt=\"\" width=\"212\" height=\"300\" srcset=\"https:\/\/swetrak.lt\/wp-content\/uploads\/2021\/05\/zali_thumb-212x300.png 212w, https:\/\/swetrak.lt\/wp-content\/uploads\/2021\/05\/zali_thumb.png 456w\" sizes=\"(max-width: 212px) 100vw, 212px\" \/><\/a><a href=\"https:\/\/swetrak.lt\/wp-content\/uploads\/2025\/07\/ZEsertifikatas.pdf\" target=\"_blank\" rel=\"noopener\"><img loading=\"lazy\" decoding=\"async\" class=\"alignnone wp-image-692 size-medium\" src=\"https:\/\/swetrak.lt\/wp-content\/uploads\/2025\/07\/ZEsertifikatas.png\" alt=\"\" width=\"381\" height=\"300\" \/><\/a><\/p>\n<\/div>\n<hr \/>\n<h3><strong>AWARDS \/ CONGRATULATIONS \/ ACKNOWLEDGMENTS<\/strong><\/h3>\n<table style=\"border: 1px solid #666;\" cellspacing=\"0\" cellpadding=\"0\">\n<tbody>\n<tr>\n<td class=\"col-md-8 fontsize20black\" style=\"vertical-align: middle;\"><strong>2003<\/strong><br \/>award<br \/>&#8220;<strong>Lietuvos met\u0173 gaminiu<\/strong>&#8220;<\/td>\n<td class=\"col-md-4\" style=\"padding-top: 3px;\"><a href=\"https:\/\/swetrak.lt\/wp-content\/uploads\/2021\/05\/2003-12.pdf\" target=\"_blank\" rel=\"noopener\"><img loading=\"lazy\" decoding=\"async\" class=\"aligncenter wp-image-379\" src=\"https:\/\/swetrak.lt\/wp-content\/uploads\/2021\/05\/2003-12-e1621930018194.png\" alt=\"\" width=\"144\" height=\"206\" \/><\/a><\/td>\n<\/tr>\n<tr>\n<td class=\"col-md-8 fontsize20black\" style=\"vertical-align: middle;\"><strong>2004<\/strong>award&#8221;<strong>S\u0117kmingai dirbanti \u012fmon\u0117<\/strong>&#8220;<\/td>\n<td style=\"padding-top: 3px;\"><a href=\"https:\/\/swetrak.lt\/wp-content\/uploads\/2021\/05\/2004-12.pdf\" target=\"_blank\" rel=\"noopener\"><img loading=\"lazy\" decoding=\"async\" class=\"aligncenter wp-image-379\" src=\"https:\/\/swetrak.lt\/wp-content\/uploads\/2021\/05\/2004-12-e1621930003900.png\" alt=\"\" width=\"144\" height=\"206\" \/><\/a><\/td>\n<\/tr>\n<tr>\n<td class=\"col-md-8 fontsize20black\" style=\"vertical-align: middle;\"><strong>2005<\/strong>award&#8221;<strong>Pa\u017eangiausia ma\u017ea \u012fmon\u0117<\/strong>&#8220;.<\/td>\n<td style=\"padding-top: 3px;\"><a href=\"https:\/\/swetrak.lt\/wp-content\/uploads\/2021\/05\/2005-11.pdf\" target=\"_blank\" rel=\"noopener\"><img loading=\"lazy\" decoding=\"async\" class=\"aligncenter wp-image-379\" src=\"https:\/\/swetrak.lt\/wp-content\/uploads\/2021\/05\/2005-11-e1621929985363.png\" alt=\"\" width=\"144\" height=\"206\" \/><\/a><\/td>\n<\/tr>\n<tr>\n<td class=\"col-md-8 fontsize20black\" style=\"vertical-align: middle;\"><strong>2010<\/strong>municipal congratulations&#8221;<strong>UAB Swetrak 10 met\u0173 gyvavimo proga<\/strong>&#8220;<\/td>\n<td style=\"padding-top: 3px;\"><a href=\"https:\/\/swetrak.lt\/wp-content\/uploads\/2021\/05\/2010.pdf\" target=\"_blank\" rel=\"noopener\"><img loading=\"lazy\" decoding=\"async\" class=\"aligncenter wp-image-379\" src=\"https:\/\/swetrak.lt\/wp-content\/uploads\/2021\/05\/2010-e1621929969387.png\" alt=\"\" width=\"144\" height=\"206\" \/><\/a><\/td>\n<\/tr>\n<tr>\n<td class=\"col-md-8 fontsize20black\" style=\"vertical-align: middle;\"><strong>2010<\/strong>greetings from Kaunas University of Technology&#8221;<strong>UAB Swetrak 10 met\u0173 gyvavimo proga<\/strong>&#8220;<\/td>\n<td style=\"padding-top: 3px;\"><a href=\"https:\/\/swetrak.lt\/wp-content\/uploads\/2021\/05\/2010-04.pdf\" target=\"_blank\" rel=\"noopener\"><img loading=\"lazy\" decoding=\"async\" class=\"aligncenter wp-image-379\" src=\"https:\/\/swetrak.lt\/wp-content\/uploads\/2021\/05\/2010-04-e1621929890706.png\" alt=\"\" width=\"144\" height=\"206\" \/><\/a><\/td>\n<\/tr>\n<tr>\n<td class=\"col-md-8 fontsize20black\" style=\"vertical-align: middle;\"><strong>2010<\/strong>certificate&#8221;<strong>Lietuvos met\u0173 eksportuotojas 2009<\/strong>&#8220;<\/td>\n<td style=\"padding-top: 3px;\"><a href=\"https:\/\/swetrak.lt\/wp-content\/uploads\/2021\/05\/2010-06.pdf\" target=\"_blank\" rel=\"noopener\"><img loading=\"lazy\" decoding=\"async\" class=\"aligncenter wp-image-379\" src=\"https:\/\/swetrak.lt\/wp-content\/uploads\/2021\/05\/2010-06-e1621930111773.png\" alt=\"\" width=\"144\" height=\"206\" \/><\/a><\/td>\n<\/tr>\n<tr>\n<td class=\"col-md-8 fontsize20black\" style=\"vertical-align: middle;\"><strong>2016<\/strong>award for the fastest growing and most successful Lithuanian companies&#8221;<strong>Gazel\u0117<\/strong>&#8220;<\/td>\n<td style=\"padding-top: 3px;\"><a href=\"https:\/\/swetrak.lt\/wp-content\/uploads\/2021\/05\/2016.pdf\" target=\"_blank\" rel=\"noopener\"><img loading=\"lazy\" decoding=\"async\" class=\"aligncenter wp-image-379\" src=\"https:\/\/swetrak.lt\/wp-content\/uploads\/2021\/05\/2016-e1621930081699.png\" alt=\"\" width=\"144\" height=\"206\" \/><\/a><\/td>\n<\/tr>\n<tr>\n<td class=\"col-md-8 fontsize20black\" style=\"vertical-align: middle;\"><strong>2016<\/strong><span class=\"VIiyi\" lang=\"en\"><span class=\"JLqJ4b ChMk0b\" data-language-for-alternatives=\"en\" data-language-to-translate-into=\"lt\" data-phrase-index=\"0\">gratitude for support in preparing this book<\/span><\/span>&#8220;<strong>Suvalkija. S\u016bduva<\/strong>&#8220;<\/td>\n<td style=\"padding-top: 3px;\"><a href=\"https:\/\/swetrak.lt\/wp-content\/uploads\/2021\/05\/2016-05.pdf\" target=\"_blank\" rel=\"noopener\"><img loading=\"lazy\" decoding=\"async\" class=\"aligncenter wp-image-379\" src=\"https:\/\/swetrak.lt\/wp-content\/uploads\/2021\/05\/2016-05-e1621930066727.png\" alt=\"\" width=\"144\" height=\"206\" \/><\/a><\/td>\n<\/tr>\n<tr>\n<td class=\"col-md-8 fontsize20black\" style=\"vertical-align: middle;\"><strong>2016<\/strong><span class=\"VIiyi\" lang=\"en\"><span class=\"JLqJ4b ChMk0b\" data-language-for-alternatives=\"en\" data-language-to-translate-into=\"lt\" data-phrase-index=\"0\">gratitude for your trustworthiness, sincerity, goodwill, cooperation<\/span><\/span>UAB &#8220;<strong>Voestalpine VAE LEGETECHA<\/strong>&#8220;<\/td>\n<td style=\"padding-top: 3px;\"><a href=\"https:\/\/swetrak.lt\/wp-content\/uploads\/2021\/05\/2016-05-0.pdf\" target=\"_blank\" rel=\"noopener\"><img loading=\"lazy\" decoding=\"async\" class=\"aligncenter wp-image-379\" src=\"https:\/\/swetrak.lt\/wp-content\/uploads\/2021\/05\/2016-05-0-e1621930054235.png\" alt=\"\" width=\"144\" height=\"206\" \/><\/a><\/td>\n<\/tr>\n<tr>\n<td class=\"col-md-8 fontsize20black\" style=\"vertical-align: middle;\"><strong>2020<\/strong>certificate of job retention in<strong>S\u016bduvos regione<\/strong><\/td>\n<td style=\"padding-top: 3px;\"><a href=\"https:\/\/swetrak.lt\/wp-content\/uploads\/2021\/05\/2020-11.pdf\" target=\"_blank\" rel=\"noopener\"><img loading=\"lazy\" decoding=\"async\" class=\"aligncenter wp-image-379\" src=\"https:\/\/swetrak.lt\/wp-content\/uploads\/2021\/05\/2020-11-e1621930036518.png\" alt=\"\" width=\"144\" height=\"206\" \/><\/a><\/td>\n<\/tr>\n<tr>\n<td class=\"col-md-8 fontsize20black\" style=\"vertical-align: middle;\"><strong>2021<\/strong><span class=\"VIiyi\" lang=\"en\"><span class=\"JLqJ4b ChMk0b\" data-language-for-alternatives=\"en\" data-language-to-translate-into=\"lt\" data-phrase-index=\"0\">gratitude for the support<\/span><\/span><strong>V\u0160\u012e Marijampol\u0117s ligoninei<\/strong><\/td>\n<td style=\"padding-top: 3px;\"><a href=\"https:\/\/swetrak.lt\/wp-content\/uploads\/2021\/05\/2021-02-1.pdf\" target=\"_blank\" rel=\"noopener\"><img loading=\"lazy\" decoding=\"async\" class=\"aligncenter wp-image-379\" src=\"https:\/\/swetrak.lt\/wp-content\/uploads\/2021\/05\/2021-02-e1621931097228.png\" alt=\"\" width=\"144\" height=\"206\" \/><\/a><\/td>\n<\/tr>\n<\/tbody>\n<\/table>\n\n\n<p><\/p>\n","protected":false},"excerpt":{"rendered":"<div class=\"page_title\">\n<h1 style=\"color: #888;\">ABOUT US<\/h1>\n<\/div>\n<p>From 5th October 2021, UAB Swetrak changed its name to <strong>Sateba Lithuania UAB<\/strong><\/p>\n<p><strong>JSC \u201cSwetrak\u201d<\/strong> was established in 1998. The Estonian enterpr&#8230;<\/p>\n","protected":false},"author":1,"featured_media":0,"parent":0,"menu_order":0,"comment_status":"closed","ping_status":"closed","template":"","meta":{"footnotes":""},"class_list":["post-2","page","type-page","status-publish","hentry"],"_links":{"self":[{"href":"https:\/\/swetrak.lt\/en_US\/wp-json\/wp\/v2\/pages\/2"}],"collection":[{"href":"https:\/\/swetrak.lt\/en_US\/wp-json\/wp\/v2\/pages"}],"about":[{"href":"https:\/\/swetrak.lt\/en_US\/wp-json\/wp\/v2\/types\/page"}],"author":[{"embeddable":true,"href":"https:\/\/swetrak.lt\/en_US\/wp-json\/wp\/v2\/users\/1"}],"replies":[{"embeddable":true,"href":"https:\/\/swetrak.lt\/en_US\/wp-json\/wp\/v2\/comments?post=2"}],"version-history":[{"count":204,"href":"https:\/\/swetrak.lt\/en_US\/wp-json\/wp\/v2\/pages\/2\/revisions"}],"predecessor-version":[{"id":1090,"href":"https:\/\/swetrak.lt\/en_US\/wp-json\/wp\/v2\/pages\/2\/revisions\/1090"}],"wp:attachment":[{"href":"https:\/\/swetrak.lt\/en_US\/wp-json\/wp\/v2\/media?parent=2"}],"curies":[{"name":"wp","href":"https:\/\/api.w.org\/{rel}","templated":true}]}}